{"id":1903,"date":"2023-11-30T14:29:55","date_gmt":"2023-11-30T13:29:55","guid":{"rendered":"https:\/\/archivesconseil.be\/our-services\/recyclage-et-destruction-de-materiel-de-bureau\/"},"modified":"2023-11-30T16:03:56","modified_gmt":"2023-11-30T15:03:56","slug":"recycling-and-destruction-of-office-equipment","status":"publish","type":"page","link":"https:\/\/archivesconseil.be\/en\/recycling-and-destruction-of-office-equipment\/","title":{"rendered":"Recycling and destruction of office equipment"},"content":{"rendered":"<section class=\"l-section wpb_row us_custom_85f178cc height_auto\"><div class=\"l-section-h i-cf\"><div class=\"g-cols vc_row via_flex valign_middle type_boxes\"><div class=\"vc_col-sm-6 wpb_column vc_column_container sideimage2 has_bg_color stretched\"><div class=\"vc_column-inner us_custom_3b390f28\"><div class=\"wpb_wrapper\"><div class=\"wpb_text_column us_custom_cb254dbf has_text_color\"><div class=\"wpb_wrapper\"><p>&#8211;<\/p>\n<\/div><\/div><\/div><\/div><\/div><div class=\"vc_col-sm-6 wpb_column vc_column_container has_bg_color\"><div class=\"vc_column-inner us_custom_85f178cc\"><div class=\"wpb_wrapper\"><ol class=\"g-breadcrumbs crumbs separator_icon align_right\" itemscope itemtype=\"http:\/\/schema.org\/BreadcrumbList\"><li class=\"g-breadcrumbs-item\" itemscope itemprop=\"itemListElement\" itemtype=\"http:\/\/schema.org\/ListItem\"><a itemprop=\"item\" href=\"http:\/\/archivesconseil.be\/en\/\"><span itemprop=\"name\">Accueil<\/span><\/a><meta itemprop=\"position\" content=\"1\"\/><\/li><li class=\"g-breadcrumbs-separator\"><i class=\"far fa-angle-right\"><\/i><\/li><li class=\"g-breadcrumbs-item\">Pages<\/li><\/ol><div class=\"w-separator size_large\"><\/div><div class=\"wpb_text_column\"><div class=\"wpb_wrapper\"><h1>What office materials do we recycle?<\/h1>\n<\/div><\/div><div class=\"w-separator size_small\"><\/div><div class=\"wpb_text_column\"><div class=\"wpb_wrapper\"><p>By office equipment, we mean office items such as office chairs, desks, metal filing cabinets and other items that you have in your office. We also process different types of materials: wood, plastic, laminate, etc.<br \/>\nIn short, you are in the right place at Archives-Conseil for:<\/p>\n<p>\u2022 Recycling of computer equipment: hard drives, screens, printers, etc.<\/p>\n<p>\u2022 Recycling and destruction of metal office equipment: furniture, etc.<\/p>\n<p>\u2022 Recycling of office materials: wood, plastic, laminate, etc.<\/p>\n<\/div><\/div><div class=\"w-separator size_small\"><\/div><div class=\"w-btn-wrapper align_left\"><a class=\"w-btn us-btn-style_2 us_custom_1f257949\" title=\"Contact\" href=\"https:\/\/archivesconseil.be\/en\/contact\/\"><span class=\"w-btn-label\">CONTACT US<\/span><\/a><\/div><\/div><\/div><\/div><\/div><\/div><\/section><section class=\"l-section wpb_row us_custom_85f178cc height_huge\"><div class=\"l-section-h i-cf\"><div class=\"g-cols vc_row via_flex valign_top type_default\"><div class=\"vc_col-sm-3 wpb_column vc_column_container\"><div class=\"vc_column-inner\"><div class=\"wpb_wrapper\"><div class=\"wpb_text_column\"><div class=\"wpb_wrapper\"><h1 style=\"text-align: right;\">YOUR<br \/>\nBENEFITS<\/h1>\n<\/div><\/div><\/div><\/div><\/div><div class=\"vc_col-sm-9 wpb_column vc_column_container borderleft\"><div class=\"vc_column-inner\"><div class=\"wpb_wrapper\"><div class=\"g-cols wpb_row via_flex valign_top type_boxes\"><div class=\"vc_col-sm-6 wpb_column vc_column_container\"><div class=\"vc_column-inner\"><div class=\"wpb_wrapper\"><div class=\"w-iconbox iconpos_left style_default color_primary align_left no_title icontype_img\"><div class=\"w-iconbox-icon\" style=\"font-size:4rem;\"><img loading=\"lazy\" decoding=\"async\" width=\"100\" height=\"100\" src=\"https:\/\/archivesconseil.be\/wp-content\/uploads\/2021\/12\/Untitled-4-09.png\" class=\"attachment-full size-full\" alt=\"\" \/><\/div><div class=\"w-iconbox-meta\"><div class=\"w-iconbox-text\"><p>40 years of experience<\/p>\n<\/div><\/div><\/div><div class=\"w-separator size_medium\"><\/div><div class=\"w-iconbox iconpos_left style_default color_primary align_left no_title icontype_img\"><div class=\"w-iconbox-icon\" style=\"font-size:4rem;\"><img loading=\"lazy\" decoding=\"async\" width=\"100\" height=\"100\" src=\"https:\/\/archivesconseil.be\/wp-content\/uploads\/2021\/12\/Untitled-4-10.png\" class=\"attachment-full size-full\" alt=\"\" \/><\/div><div class=\"w-iconbox-meta\"><div class=\"w-iconbox-text\"><p>International competences<\/p>\n<\/div><\/div><\/div><div class=\"w-separator size_medium\"><\/div><div class=\"w-iconbox iconpos_left style_default color_primary align_left no_title icontype_img\"><div class=\"w-iconbox-icon\" style=\"font-size:4rem;\"><img loading=\"lazy\" decoding=\"async\" width=\"100\" height=\"100\" src=\"https:\/\/archivesconseil.be\/wp-content\/uploads\/2021\/12\/Untitled-4-11.png\" class=\"attachment-full size-full\" alt=\"\" \/><\/div><div class=\"w-iconbox-meta\"><div class=\"w-iconbox-text\"><p>Complete flexibility<\/p>\n<\/div><\/div><\/div><\/div><\/div><\/div><div class=\"vc_col-sm-6 wpb_column vc_column_container\"><div class=\"vc_column-inner\"><div class=\"wpb_wrapper\"><div class=\"w-iconbox iconpos_left style_default color_primary align_left no_title icontype_img\"><div class=\"w-iconbox-icon\" style=\"font-size:4rem;\"><img loading=\"lazy\" decoding=\"async\" width=\"100\" height=\"100\" src=\"https:\/\/archivesconseil.be\/wp-content\/uploads\/2021\/12\/Untitled-4-12.png\" class=\"attachment-full size-full\" alt=\"\" \/><\/div><div class=\"w-iconbox-meta\"><div class=\"w-iconbox-text\"><p>Full range of services<\/p>\n<\/div><\/div><\/div><div class=\"w-separator size_medium\"><\/div><div class=\"w-iconbox iconpos_left style_default color_primary align_left no_title icontype_img\"><div class=\"w-iconbox-icon\" style=\"font-size:4rem;\"><img loading=\"lazy\" decoding=\"async\" width=\"100\" height=\"100\" src=\"https:\/\/archivesconseil.be\/wp-content\/uploads\/2021\/12\/Untitled-4-13.png\" class=\"attachment-full size-full\" alt=\"\" \/><\/div><div class=\"w-iconbox-meta\"><div class=\"w-iconbox-text\"><p>Excellent infrastructures<\/p>\n<\/div><\/div><\/div><\/div><\/div><\/div><\/div><\/div><\/div><\/div><\/div><\/div><\/section>\n<section class=\"l-section wpb_row us_custom_85f178cc height_auto\"><div class=\"l-section-h i-cf\"><div class=\"g-cols vc_row via_flex valign_middle type_boxes\"><div class=\"vc_col-sm-6 wpb_column vc_column_container sideimage has_bg_color stretched\"><div class=\"vc_column-inner us_custom_12787b1d\"><div class=\"wpb_wrapper\"><div class=\"w-btn-wrapper align_none\"><a class=\"w-btn us-btn-style_2 sidebutton\" target=\"_blank\" href=\"https:\/\/www.google.com\/search?q=archives+conseil&amp;oq=archives+conseil&amp;aqs=chrome..69i57j46i175i199i512j0i22i30l3j69i60j69i61l2.3355j0j7&amp;sourceid=chrome&amp;ie=UTF-8#lrd=0x47c3c3c2fc779659:0x587c88c3a769fd15,1\" rel=\"noopener\"><span class=\"w-btn-label\">WRITE A REVIEW<\/span><\/a><\/div><\/div><\/div><\/div><div class=\"vc_col-sm-6 wpb_column vc_column_container has_bg_color\"><div class=\"vc_column-inner us_custom_85f178cc\"><div class=\"wpb_wrapper\"><div class=\"wpb_text_column\"><div class=\"wpb_wrapper\"><h1 style=\"text-align: left;\">Our<br \/>\ntestimonials<\/h1>\n<\/div><\/div><div class=\"w-separator size_large\"><\/div><div class=\"w-grid type_carousel layout_184\" id=\"us_grid_1\"><style>.layout_184 .w-grid-item-h{}.layout_184 .usg_image_1{margin-bottom:50px!important}.layout_184 .usg_post_content_1{margin-bottom:25px!important}.layout_184 .usg_post_title_1{font-weight:700!important}<\/style><div class=\"w-grid-list owl-carousel navstyle_block navpos_outside\" style=\"--arrows-size:1.8rem;\">\t<article class=\"w-grid-item post-740 reviews type-reviews status-publish hentry\" data-id=\"740\">\r\n\t\t<div class=\"w-grid-item-h\">\r\n\t\t\t\t\t\t<div class=\"w-image usg_image_1\"><div class=\"w-image-h\"><img loading=\"lazy\" decoding=\"async\" width=\"272\" height=\"31\" src=\"https:\/\/archivesconseil.be\/wp-content\/uploads\/2021\/12\/stars.png\" class=\"attachment-large size-large\" alt=\"\" \/><\/div><\/div><div class=\"w-post-elm post_content usg_post_content_1\"><p>Equipe professionnelle, sympathique et flexible. Un must comme soci\u00e9t\u00e9 d&#8217;archivage en Belgique !<\/p>\n<\/div><p class=\"w-post-elm post_title usg_post_title_1 align_left entry-title color_link_inherit\">D\u00e9niz M.<\/p>\t\t<\/div>\r\n\t<\/article>\r\n\t<article class=\"w-grid-item post-725 reviews type-reviews status-publish hentry\" data-id=\"725\">\r\n\t\t<div class=\"w-grid-item-h\">\r\n\t\t\t\t\t\t<div class=\"w-image usg_image_1\"><div class=\"w-image-h\"><img loading=\"lazy\" decoding=\"async\" width=\"272\" height=\"31\" src=\"https:\/\/archivesconseil.be\/wp-content\/uploads\/2021\/12\/stars.png\" class=\"attachment-large size-large\" alt=\"\" \/><\/div><\/div><div class=\"w-post-elm post_content usg_post_content_1\"><p>BEAUCOUP moins chers que leurs concurrents, et beaucoup plus flexibles \u00e9galement. Une petite soci\u00e9t\u00e9 qu&#8217;on a envie de voir durer donc n&#8217;h\u00e9sitez pas \u00e0 faire appel \u00e0 eux!<\/p>\n<\/div><p class=\"w-post-elm post_title usg_post_title_1 align_left entry-title color_link_inherit\">Ma\u00eblle<\/p>\t\t<\/div>\r\n\t<\/article>\r\n\t<article class=\"w-grid-item post-183 reviews type-reviews status-publish hentry\" data-id=\"183\">\r\n\t\t<div class=\"w-grid-item-h\">\r\n\t\t\t\t\t\t<div class=\"w-image usg_image_1\"><div class=\"w-image-h\"><img loading=\"lazy\" decoding=\"async\" width=\"272\" height=\"31\" src=\"https:\/\/archivesconseil.be\/wp-content\/uploads\/2021\/12\/stars.png\" class=\"attachment-large size-large\" alt=\"\" \/><\/div><\/div><div class=\"w-post-elm post_content usg_post_content_1\"><p>Je recommande vivement Archives Conseil pour leur efficacit\u00e9 et leur gentillesse. Ils sont \u00e0 l\u2019\u00e9coute de la demande du client et font preuve de flexibilit\u00e9 . Un grand professionalisme.<\/p>\n<\/div><p class=\"w-post-elm post_title usg_post_title_1 align_left entry-title color_link_inherit\">Jo\u00eblle Michiels<\/p>\t\t<\/div>\r\n\t<\/article>\r\n<\/div><div class=\"g-preloader type_1\">\r\n\t<div><\/div>\r\n<\/div>\r\n\t<div class=\"w-grid-json hidden\" onclick='return {&quot;action&quot;:&quot;us_ajax_grid&quot;,&quot;ajax_url&quot;:&quot;https:\\\/\\\/archivesconseil.be\\\/wp-admin\\\/admin-ajax.php&quot;,&quot;infinite_scroll&quot;:0,&quot;max_num_pages&quot;:1,&quot;pagination&quot;:&quot;none&quot;,&quot;permalink_url&quot;:&quot;https:\\\/\\\/archivesconseil.be\\\/en\\\/wp-json\\\/wp\\\/v2\\\/pages\\\/1903\\\/&quot;,&quot;template_vars&quot;:{&quot;columns&quot;:&quot;1&quot;,&quot;exclude_items&quot;:&quot;none&quot;,&quot;img_size&quot;:&quot;default&quot;,&quot;ignore_items_size&quot;:false,&quot;items_layout&quot;:&quot;184&quot;,&quot;items_offset&quot;:&quot;1&quot;,&quot;load_animation&quot;:&quot;none&quot;,&quot;overriding_link&quot;:&quot;none&quot;,&quot;post_id&quot;:858,&quot;query_args&quot;:{&quot;post_type&quot;:[&quot;reviews&quot;],&quot;post_status&quot;:[&quot;publish&quot;,&quot;acf-disabled&quot;],&quot;posts_per_page&quot;:999},&quot;orderby_query_args&quot;:{&quot;orderby&quot;:{&quot;date&quot;:&quot;DESC&quot;}},&quot;type&quot;:&quot;carousel&quot;,&quot;us_grid_ajax_index&quot;:1,&quot;us_grid_filter_params&quot;:null,&quot;us_grid_index&quot;:1,&quot;_us_grid_post_type&quot;:&quot;reviews&quot;,&quot;lang&quot;:&quot;en&quot;},&quot;carousel_settings&quot;:{&quot;autoHeight&quot;:0,&quot;autoplay&quot;:0,&quot;carousel_fade&quot;:0,&quot;center&quot;:0,&quot;dots&quot;:0,&quot;items&quot;:&quot;1&quot;,&quot;loop&quot;:false,&quot;nav&quot;:1,&quot;slideby&quot;:&quot;1&quot;,&quot;smooth_play&quot;:0,&quot;speed&quot;:250,&quot;timeout&quot;:3000,&quot;transition&quot;:&quot;&quot;},&quot;carousel_breakpoints&quot;:{&quot;1200&quot;:{&quot;items&quot;:1},&quot;900&quot;:{&quot;autoHeight&quot;:0,&quot;autoplay&quot;:1,&quot;autoplayHoverPause&quot;:1,&quot;items&quot;:&quot;1&quot;,&quot;loop&quot;:true},&quot;600&quot;:{&quot;autoHeight&quot;:0,&quot;autoplay&quot;:1,&quot;autoplayHoverPause&quot;:1,&quot;items&quot;:&quot;1&quot;,&quot;loop&quot;:true},&quot;0&quot;:{&quot;autoHeight&quot;:0,&quot;autoplay&quot;:1,&quot;autoplayHoverPause&quot;:1,&quot;items&quot;:1,&quot;loop&quot;:true}}}'><\/div>\r\n\t<\/div><\/div><\/div><\/div><\/div><\/div><\/section>\n<section class=\"l-section wpb_row us_custom_f4e9e5ae height_medium\"><div class=\"l-section-h i-cf\"><div class=\"g-cols vc_row via_flex valign_top type_default\"><div class=\"vc_col-sm-3 wpb_column vc_column_container\"><div class=\"vc_column-inner\"><div class=\"wpb_wrapper\"><div class=\"wpb_text_column us_custom_a60d2bed has_text_color\"><div class=\"wpb_wrapper\"><h1 style=\"text-align: right;\">Jacques A. Simon<\/h1>\n<\/div><\/div><div class=\"wpb_text_column\"><div class=\"wpb_wrapper\"><p style=\"text-align: right;\"><strong>founder of Archives Conseil<\/strong><\/p>\n<\/div><\/div><\/div><\/div><\/div><div class=\"vc_col-sm-9 wpb_column vc_column_container\"><div class=\"vc_column-inner\"><div class=\"wpb_wrapper\"><div class=\"wpb_text_column us_custom_6df4bc3a has_text_color\"><div class=\"wpb_wrapper\"><h2>It is up to archives conseil to adapt to the client and not for the client to alter its working methods<\/h2>\n<\/div><\/div><\/div><\/div><\/div><\/div><\/div><\/section><section class=\"l-section wpb_row height_huge\"><div class=\"l-section-h i-cf\"><div class=\"g-cols vc_row via_flex valign_top type_default\"><div class=\"vc_col-sm-1 vc_col-lg-3 vc_col-md-12 vc_col-xs-12 wpb_column vc_column_container\"><div class=\"vc_column-inner\"><div class=\"wpb_wrapper\"><div class=\"wpb_text_column\"><div class=\"wpb_wrapper\"><h1 style=\"text-align: right;\">OUR<br \/>\nOTHER<br \/>\nSERVICES<\/h1>\n<\/div><\/div><\/div><\/div><\/div><div class=\"vc_col-sm-12 vc_col-lg-9 vc_col-md-12 vc_col-xs-12 wpb_column vc_column_container borderleft\"><div class=\"vc_column-inner\"><div class=\"wpb_wrapper\"><\/div><\/div><\/div><\/div><\/div><\/section>\n\n","protected":false},"excerpt":{"rendered":"Je recommande vivement Archives Conseil pour leur efficacit\u00e9 et leur gentillesse. Ils sont \u00e0 l\u2019\u00e9coute de la demande du client et font preuve de flexibilit\u00e9 . Un grand professionalisme.","protected":false},"author":1,"featured_media":822,"parent":0,"menu_order":5,"comment_status":"closed","ping_status":"closed","template":"","meta":{"_acf_changed":false,"footnotes":""},"page_category":[12],"class_list":["post-1903","page","type-page","status-publish","has-post-thumbnail","hentry","page_category-service"],"acf":[],"yoast_head":"<!-- This site is optimized with the Yoast SEO plugin v26.2 - https:\/\/yoast.com\/wordpress\/plugins\/seo\/ -->\n<title>Recycling of office equipment | Archives Conseil<\/title>\n<meta name=\"description\" content=\"We destroy and recycle your office equipment safely. The material is treated to give it a second life!\" \/>\n<meta name=\"robots\" content=\"index, follow, max-snippet:-1, max-image-preview:large, max-video-preview:-1\" \/>\n<link rel=\"canonical\" href=\"https:\/\/archivesconseil.be\/en\/our-services\/recycling-and-destruction-of-office-equipment\/\" \/>\n<meta property=\"og:locale\" content=\"en_US\" \/>\n<meta property=\"og:type\" content=\"article\" \/>\n<meta property=\"og:title\" content=\"Recycling of office equipment | Archives Conseil\" \/>\n<meta property=\"og:description\" content=\"We destroy and recycle your office equipment safely. The material is treated to give it a second life!\" \/>\n<meta property=\"og:url\" content=\"https:\/\/archivesconseil.be\/en\/our-services\/recycling-and-destruction-of-office-equipment\/\" \/>\n<meta property=\"og:site_name\" content=\"Archives Conseil\" \/>\n<meta property=\"article:modified_time\" content=\"2023-11-30T15:03:56+00:00\" \/>\n<meta property=\"og:image\" content=\"http:\/\/archivesconseil.be\/wp-content\/uploads\/2021\/12\/iStock-1288027467-scaled.jpg\" \/>\n\t<meta property=\"og:image:width\" content=\"2560\" \/>\n\t<meta property=\"og:image:height\" content=\"1707\" \/>\n\t<meta property=\"og:image:type\" content=\"image\/jpeg\" \/>\n<meta name=\"twitter:card\" content=\"summary_large_image\" \/>\n<meta name=\"twitter:label1\" content=\"Est. reading time\" \/>\n\t<meta name=\"twitter:data1\" content=\"1 minute\" \/>\n<script type=\"application\/ld+json\" class=\"yoast-schema-graph\">{\"@context\":\"https:\/\/schema.org\",\"@graph\":[{\"@type\":\"WebPage\",\"@id\":\"https:\/\/archivesconseil.be\/en\/our-services\/recycling-and-destruction-of-office-equipment\/\",\"url\":\"https:\/\/archivesconseil.be\/en\/our-services\/recycling-and-destruction-of-office-equipment\/\",\"name\":\"Recycling of office equipment | Archives Conseil\",\"isPartOf\":{\"@id\":\"https:\/\/archivesconseil.be\/#website\"},\"primaryImageOfPage\":{\"@id\":\"https:\/\/archivesconseil.be\/en\/our-services\/recycling-and-destruction-of-office-equipment\/#primaryimage\"},\"image\":{\"@id\":\"https:\/\/archivesconseil.be\/en\/our-services\/recycling-and-destruction-of-office-equipment\/#primaryimage\"},\"thumbnailUrl\":\"https:\/\/archivesconseil.be\/wp-content\/uploads\/2021\/12\/iStock-1288027467-scaled.jpg\",\"datePublished\":\"2023-11-30T13:29:55+00:00\",\"dateModified\":\"2023-11-30T15:03:56+00:00\",\"description\":\"We destroy and recycle your office equipment safely. The material is treated to give it a second life!\",\"breadcrumb\":{\"@id\":\"https:\/\/archivesconseil.be\/en\/our-services\/recycling-and-destruction-of-office-equipment\/#breadcrumb\"},\"inLanguage\":\"en-US\",\"potentialAction\":[{\"@type\":\"ReadAction\",\"target\":[\"https:\/\/archivesconseil.be\/en\/our-services\/recycling-and-destruction-of-office-equipment\/\"]}]},{\"@type\":\"ImageObject\",\"inLanguage\":\"en-US\",\"@id\":\"https:\/\/archivesconseil.be\/en\/our-services\/recycling-and-destruction-of-office-equipment\/#primaryimage\",\"url\":\"https:\/\/archivesconseil.be\/wp-content\/uploads\/2021\/12\/iStock-1288027467-scaled.jpg\",\"contentUrl\":\"https:\/\/archivesconseil.be\/wp-content\/uploads\/2021\/12\/iStock-1288027467-scaled.jpg\",\"width\":2560,\"height\":1707,\"caption\":\"Electronic Wastes Collected In The Green Colored Garbage Bin With E-waste Symbol On It In The Office\"},{\"@type\":\"BreadcrumbList\",\"@id\":\"https:\/\/archivesconseil.be\/en\/our-services\/recycling-and-destruction-of-office-equipment\/#breadcrumb\",\"itemListElement\":[{\"@type\":\"ListItem\",\"position\":1,\"name\":\"Home\",\"item\":\"https:\/\/archivesconseil.be\/en\/\"},{\"@type\":\"ListItem\",\"position\":2,\"name\":\"Our services\",\"item\":\"https:\/\/archivesconseil.be\/en\/our-services\/\"},{\"@type\":\"ListItem\",\"position\":3,\"name\":\"Recycling and destruction of office equipment\"}]},{\"@type\":\"WebSite\",\"@id\":\"https:\/\/archivesconseil.be\/#website\",\"url\":\"https:\/\/archivesconseil.be\/\",\"name\":\"Archives Conseil\",\"description\":\"\",\"potentialAction\":[{\"@type\":\"SearchAction\",\"target\":{\"@type\":\"EntryPoint\",\"urlTemplate\":\"https:\/\/archivesconseil.be\/?s={search_term_string}\"},\"query-input\":{\"@type\":\"PropertyValueSpecification\",\"valueRequired\":true,\"valueName\":\"search_term_string\"}}],\"inLanguage\":\"en-US\"}]}<\/script>\n<!-- \/ Yoast SEO plugin. -->","yoast_head_json":{"title":"Recycling of office equipment | Archives Conseil","description":"We destroy and recycle your office equipment safely. The material is treated to give it a second life!","robots":{"index":"index","follow":"follow","max-snippet":"max-snippet:-1","max-image-preview":"max-image-preview:large","max-video-preview":"max-video-preview:-1"},"canonical":"https:\/\/archivesconseil.be\/en\/our-services\/recycling-and-destruction-of-office-equipment\/","og_locale":"en_US","og_type":"article","og_title":"Recycling of office equipment | Archives Conseil","og_description":"We destroy and recycle your office equipment safely. The material is treated to give it a second life!","og_url":"https:\/\/archivesconseil.be\/en\/our-services\/recycling-and-destruction-of-office-equipment\/","og_site_name":"Archives Conseil","article_modified_time":"2023-11-30T15:03:56+00:00","og_image":[{"width":2560,"height":1707,"url":"http:\/\/archivesconseil.be\/wp-content\/uploads\/2021\/12\/iStock-1288027467-scaled.jpg","type":"image\/jpeg"}],"twitter_card":"summary_large_image","twitter_misc":{"Est. reading time":"1 minute"},"schema":{"@context":"https:\/\/schema.org","@graph":[{"@type":"WebPage","@id":"https:\/\/archivesconseil.be\/en\/our-services\/recycling-and-destruction-of-office-equipment\/","url":"https:\/\/archivesconseil.be\/en\/our-services\/recycling-and-destruction-of-office-equipment\/","name":"Recycling of office equipment | Archives Conseil","isPartOf":{"@id":"https:\/\/archivesconseil.be\/#website"},"primaryImageOfPage":{"@id":"https:\/\/archivesconseil.be\/en\/our-services\/recycling-and-destruction-of-office-equipment\/#primaryimage"},"image":{"@id":"https:\/\/archivesconseil.be\/en\/our-services\/recycling-and-destruction-of-office-equipment\/#primaryimage"},"thumbnailUrl":"https:\/\/archivesconseil.be\/wp-content\/uploads\/2021\/12\/iStock-1288027467-scaled.jpg","datePublished":"2023-11-30T13:29:55+00:00","dateModified":"2023-11-30T15:03:56+00:00","description":"We destroy and recycle your office equipment safely. The material is treated to give it a second life!","breadcrumb":{"@id":"https:\/\/archivesconseil.be\/en\/our-services\/recycling-and-destruction-of-office-equipment\/#breadcrumb"},"inLanguage":"en-US","potentialAction":[{"@type":"ReadAction","target":["https:\/\/archivesconseil.be\/en\/our-services\/recycling-and-destruction-of-office-equipment\/"]}]},{"@type":"ImageObject","inLanguage":"en-US","@id":"https:\/\/archivesconseil.be\/en\/our-services\/recycling-and-destruction-of-office-equipment\/#primaryimage","url":"https:\/\/archivesconseil.be\/wp-content\/uploads\/2021\/12\/iStock-1288027467-scaled.jpg","contentUrl":"https:\/\/archivesconseil.be\/wp-content\/uploads\/2021\/12\/iStock-1288027467-scaled.jpg","width":2560,"height":1707,"caption":"Electronic Wastes Collected In The Green Colored Garbage Bin With E-waste Symbol On It In The Office"},{"@type":"BreadcrumbList","@id":"https:\/\/archivesconseil.be\/en\/our-services\/recycling-and-destruction-of-office-equipment\/#breadcrumb","itemListElement":[{"@type":"ListItem","position":1,"name":"Home","item":"https:\/\/archivesconseil.be\/en\/"},{"@type":"ListItem","position":2,"name":"Our services","item":"https:\/\/archivesconseil.be\/en\/our-services\/"},{"@type":"ListItem","position":3,"name":"Recycling and destruction of office equipment"}]},{"@type":"WebSite","@id":"https:\/\/archivesconseil.be\/#website","url":"https:\/\/archivesconseil.be\/","name":"Archives Conseil","description":"","potentialAction":[{"@type":"SearchAction","target":{"@type":"EntryPoint","urlTemplate":"https:\/\/archivesconseil.be\/?s={search_term_string}"},"query-input":{"@type":"PropertyValueSpecification","valueRequired":true,"valueName":"search_term_string"}}],"inLanguage":"en-US"}]}},"_links":{"self":[{"href":"https:\/\/archivesconseil.be\/en\/wp-json\/wp\/v2\/pages\/1903","targetHints":{"allow":["GET"]}}],"collection":[{"href":"https:\/\/archivesconseil.be\/en\/wp-json\/wp\/v2\/pages"}],"about":[{"href":"https:\/\/archivesconseil.be\/en\/wp-json\/wp\/v2\/types\/page"}],"author":[{"embeddable":true,"href":"https:\/\/archivesconseil.be\/en\/wp-json\/wp\/v2\/users\/1"}],"replies":[{"embeddable":true,"href":"https:\/\/archivesconseil.be\/en\/wp-json\/wp\/v2\/comments?post=1903"}],"version-history":[{"count":2,"href":"https:\/\/archivesconseil.be\/en\/wp-json\/wp\/v2\/pages\/1903\/revisions"}],"predecessor-version":[{"id":1905,"href":"https:\/\/archivesconseil.be\/en\/wp-json\/wp\/v2\/pages\/1903\/revisions\/1905"}],"wp:featuredmedia":[{"embeddable":true,"href":"https:\/\/archivesconseil.be\/en\/wp-json\/wp\/v2\/media\/822"}],"wp:attachment":[{"href":"https:\/\/archivesconseil.be\/en\/wp-json\/wp\/v2\/media?parent=1903"}],"wp:term":[{"taxonomy":"page_category","embeddable":true,"href":"https:\/\/archivesconseil.be\/en\/wp-json\/wp\/v2\/page_category?post=1903"}],"curies":[{"name":"wp","href":"https:\/\/api.w.org\/{rel}","templated":true}]}}