{"id":910,"date":"2022-01-16T17:41:00","date_gmt":"2022-01-16T16:41:00","guid":{"rendered":"https:\/\/archivesconseil.be\/?page_id=910"},"modified":"2022-02-18T09:53:50","modified_gmt":"2022-02-18T08:53:50","slug":"destruction-of-documents","status":"publish","type":"page","link":"https:\/\/archivesconseil.be\/en\/our-services\/destruction-of-documents\/","title":{"rendered":"Destruction of documents"},"content":{"rendered":"<section class=\"l-section wpb_row us_custom_85f178cc height_auto\"><div class=\"l-section-h i-cf\"><div class=\"g-cols vc_row via_flex valign_middle type_boxes\"><div class=\"vc_col-sm-6 wpb_column vc_column_container sideimage2 has_bg_color stretched\"><div class=\"vc_column-inner us_custom_ca0797e9\"><div class=\"wpb_wrapper\"><div class=\"wpb_text_column us_custom_cb254dbf has_text_color\"><div class=\"wpb_wrapper\"><p>&#8211;<\/p>\n<\/div><\/div><\/div><\/div><\/div><div class=\"vc_col-sm-6 wpb_column vc_column_container has_bg_color\"><div class=\"vc_column-inner us_custom_85f178cc\"><div class=\"wpb_wrapper\"><ol class=\"g-breadcrumbs crumbs separator_icon align_right\" itemscope itemtype=\"http:\/\/schema.org\/BreadcrumbList\"><li class=\"g-breadcrumbs-item\" itemscope itemprop=\"itemListElement\" itemtype=\"http:\/\/schema.org\/ListItem\"><a itemprop=\"item\" href=\"http:\/\/archivesconseil.be\/en\/\"><span itemprop=\"name\">Home<\/span><\/a><meta itemprop=\"position\" content=\"1\"\/><\/li><li class=\"g-breadcrumbs-separator\"><i class=\"far fa-angle-right\"><\/i><\/li><li class=\"g-breadcrumbs-item\">Pages<\/li><\/ol><div class=\"w-separator size_medium\"><\/div><div class=\"wpb_text_column\"><div class=\"wpb_wrapper\"><h1 style=\"text-align: left;\">Destruction of confidential private or business documents<\/h1>\n<\/div><\/div><div class=\"w-separator size_small\"><\/div><div class=\"wpb_text_column\"><div class=\"wpb_wrapper\"><p>Located in Brussels for the past 40 years, we destroy archives, papers and documents of all types and on all media in Belgium, France, Holland and Luxembourg.<\/p>\n<p>We serve SMEs, companies and individuals for the destruction of confidential documents and also work for banks, hospitals, law firms, insurance companies, architects, laboratories, etc.<\/p>\n<p>Whether your request is based on a &#8220;one shot&#8221; removal or on a regular basis, we are at your disposal.<\/p>\n<\/div><\/div><div class=\"w-separator size_small\"><\/div><div class=\"w-btn-wrapper align_left\"><a class=\"w-btn us-btn-style_2\" title=\"Contact\" href=\"https:\/\/archivesconseil.be\/en\/contact\/\"><span class=\"w-btn-label\">CONTACT US<\/span><\/a><\/div><\/div><\/div><\/div><\/div><\/div><\/section><section class=\"l-section wpb_row contentblocks height_large\"><div class=\"l-section-h i-cf\"><div class=\"g-cols vc_row via_flex valign_top type_default\"><div class=\"vc_col-sm-12 wpb_column vc_column_container\"><div class=\"vc_column-inner\"><div class=\"wpb_wrapper\"><\/div><\/div><\/div><div class=\"vc_col-sm-3 wpb_column vc_column_container\"><div class=\"vc_column-inner\"><div class=\"wpb_wrapper\"><div class=\"wpb_text_column us_custom_a60d2bed has_text_color\"><div class=\"wpb_wrapper\"><h3 style=\"text-align: right;\">Pick-up from you or from us!<\/h3>\n<\/div><\/div><\/div><\/div><\/div><div class=\"vc_col-sm-9 wpb_column vc_column_container\"><div class=\"vc_column-inner\"><div class=\"wpb_wrapper\"><div class=\"wpb_text_column\"><div class=\"wpb_wrapper\"><p>We take care of your paper documents as well as your CDs, diskettes, VHS, X-rays, tracings etc. This service is based on several concepts.<\/p>\n<p><strong>Destruction &amp; recycling of archives\/documents in stock on our premises:<\/strong> Your documents outsourced to us reach the end of their life, we can destroy them. At the end of the procedure a certificate of destruction\/recycling is issued.<\/p>\n<p><strong>Destruction &amp; recycling of archives\/documents on your premises:<\/strong> The documents are on your premises. There are several possibilities:<\/p>\n<p><strong>The &#8220;one shot&#8221;:<\/strong> We schedule a visit, our drivers take care of the handling and come to take the documents where they are (cellar, attic, etc). So you don&#8217;t have to prepare everything on the ground floor. They collect, load and transport the documents to the processing centre. Your documents are shredded, compacted and recycled. At the time of collection, our teams give you a collection voucher and at the end of the procedure a certificate is issued.<\/p>\n<p><strong>Regular sorting:<\/strong> For reasons of confidentiality, you do not want to throw away your documents just anywhere. We can provide you with collection equipment (sealed or unsealed wheelie bins, secure sorting consoles or collection bins). This material remains at your home and we determine together how often you want to empty it (weekly, monthly, quarterly, etc. or on your request). The procedure is then the same as for the &#8220;One Shot&#8221;.<\/p>\n<\/div><\/div><\/div><\/div><\/div><div class=\"vc_col-sm-3 wpb_column vc_column_container\"><div class=\"vc_column-inner\"><div class=\"wpb_wrapper\"><div class=\"wpb_text_column us_custom_a60d2bed has_text_color\"><div class=\"wpb_wrapper\"><h3 style=\"text-align: right;\">Recycling<\/h3>\n<\/div><\/div><\/div><\/div><\/div><div class=\"vc_col-sm-9 wpb_column vc_column_container\"><div class=\"vc_column-inner\"><div class=\"wpb_wrapper\"><div class=\"wpb_text_column\"><div class=\"wpb_wrapper\"><p>We follow European recycling standards and do not consider your documents as waste but as raw materials. The confetti, which is the result of shredding, will be recycled to make paper again!<\/p>\n<p>&#8220;It takes 17 trees to make 1 tonne of paper. It takes 17 trees to make 1 tonne of paper, but with 1.1 tonnes of &#8216;used&#8217; paper, we can produce 1 tonne of recycled paper.<\/p>\n<p>&#8220;Paper can be recycled 5 times, beyond that the fibres lose their strength and tear.<\/p>\n<\/div><\/div><\/div><\/div><\/div><\/div><\/div><\/section><section class=\"l-section wpb_row us_custom_85f178cc height_huge\"><div class=\"l-section-h i-cf\"><div class=\"g-cols vc_row via_flex valign_top type_default\"><div class=\"vc_col-sm-3 wpb_column vc_column_container\"><div class=\"vc_column-inner\"><div class=\"wpb_wrapper\"><div class=\"wpb_text_column\"><div class=\"wpb_wrapper\"><h1 style=\"text-align: right;\">YOUR<br \/>\nBENEFITS<\/h1>\n<\/div><\/div><\/div><\/div><\/div><div class=\"vc_col-sm-9 wpb_column vc_column_container borderleft\"><div class=\"vc_column-inner\"><div class=\"wpb_wrapper\"><div class=\"g-cols wpb_row via_flex valign_top type_boxes\"><div class=\"vc_col-sm-6 wpb_column vc_column_container\"><div class=\"vc_column-inner\"><div class=\"wpb_wrapper\"><div class=\"w-iconbox iconpos_left style_default color_primary align_left no_title icontype_img\"><div class=\"w-iconbox-icon\" style=\"font-size:4rem;\"><img loading=\"lazy\" decoding=\"async\" width=\"100\" height=\"100\" src=\"https:\/\/archivesconseil.be\/wp-content\/uploads\/2021\/12\/Untitled-4-09.png\" class=\"attachment-full size-full\" alt=\"\" \/><\/div><div class=\"w-iconbox-meta\"><div class=\"w-iconbox-text\"><p>40 years of experience<\/p>\n<\/div><\/div><\/div><div class=\"w-separator size_medium\"><\/div><div class=\"w-iconbox iconpos_left style_default color_primary align_left no_title icontype_img\"><div class=\"w-iconbox-icon\" style=\"font-size:4rem;\"><img loading=\"lazy\" decoding=\"async\" width=\"100\" height=\"100\" src=\"https:\/\/archivesconseil.be\/wp-content\/uploads\/2021\/12\/Untitled-4-10.png\" class=\"attachment-full size-full\" alt=\"\" \/><\/div><div class=\"w-iconbox-meta\"><div class=\"w-iconbox-text\"><p>International competences<\/p>\n<\/div><\/div><\/div><div class=\"w-separator size_medium\"><\/div><div class=\"w-iconbox iconpos_left style_default color_primary align_left no_title icontype_img\"><div class=\"w-iconbox-icon\" style=\"font-size:4rem;\"><img loading=\"lazy\" decoding=\"async\" width=\"100\" height=\"100\" src=\"https:\/\/archivesconseil.be\/wp-content\/uploads\/2021\/12\/Untitled-4-11.png\" class=\"attachment-full size-full\" alt=\"\" \/><\/div><div class=\"w-iconbox-meta\"><div class=\"w-iconbox-text\"><p>Complete flexibility<\/p>\n<\/div><\/div><\/div><\/div><\/div><\/div><div class=\"vc_col-sm-6 wpb_column vc_column_container\"><div class=\"vc_column-inner\"><div class=\"wpb_wrapper\"><div class=\"w-iconbox iconpos_left style_default color_primary align_left no_title icontype_img\"><div class=\"w-iconbox-icon\" style=\"font-size:4rem;\"><img loading=\"lazy\" decoding=\"async\" width=\"100\" height=\"100\" src=\"https:\/\/archivesconseil.be\/wp-content\/uploads\/2021\/12\/Untitled-4-12.png\" class=\"attachment-full size-full\" alt=\"\" \/><\/div><div class=\"w-iconbox-meta\"><div class=\"w-iconbox-text\"><p>Full range of services<\/p>\n<\/div><\/div><\/div><div class=\"w-separator size_medium\"><\/div><div class=\"w-iconbox iconpos_left style_default color_primary align_left no_title icontype_img\"><div class=\"w-iconbox-icon\" style=\"font-size:4rem;\"><img loading=\"lazy\" decoding=\"async\" width=\"100\" height=\"100\" src=\"https:\/\/archivesconseil.be\/wp-content\/uploads\/2021\/12\/Untitled-4-13.png\" class=\"attachment-full size-full\" alt=\"\" \/><\/div><div class=\"w-iconbox-meta\"><div class=\"w-iconbox-text\"><p>Excellent infrastructures<\/p>\n<\/div><\/div><\/div><\/div><\/div><\/div><\/div><\/div><\/div><\/div><\/div><\/div><\/section>\n<section class=\"l-section wpb_row us_custom_85f178cc height_auto\"><div class=\"l-section-h i-cf\"><div class=\"g-cols vc_row via_flex valign_middle type_boxes\"><div class=\"vc_col-sm-6 wpb_column vc_column_container sideimage has_bg_color stretched\"><div class=\"vc_column-inner us_custom_12787b1d\"><div class=\"wpb_wrapper\"><div class=\"w-btn-wrapper align_none\"><a class=\"w-btn us-btn-style_2 sidebutton\" target=\"_blank\" href=\"https:\/\/www.google.com\/search?q=archives+conseil&amp;oq=archives+conseil&amp;aqs=chrome..69i57j46i175i199i512j0i22i30l3j69i60j69i61l2.3355j0j7&amp;sourceid=chrome&amp;ie=UTF-8#lrd=0x47c3c3c2fc779659:0x587c88c3a769fd15,1\" rel=\"noopener\"><span class=\"w-btn-label\">WRITE A REVIEW<\/span><\/a><\/div><\/div><\/div><\/div><div class=\"vc_col-sm-6 wpb_column vc_column_container has_bg_color\"><div class=\"vc_column-inner us_custom_85f178cc\"><div class=\"wpb_wrapper\"><div class=\"wpb_text_column\"><div class=\"wpb_wrapper\"><h1 style=\"text-align: left;\">Our<br \/>\ntestimonials<\/h1>\n<\/div><\/div><div class=\"w-separator size_large\"><\/div><div class=\"w-grid type_carousel layout_184\" id=\"us_grid_1\"><style>.layout_184 .w-grid-item-h{}.layout_184 .usg_image_1{margin-bottom:50px!important}.layout_184 .usg_post_content_1{margin-bottom:25px!important}.layout_184 .usg_post_title_1{font-weight:700!important}<\/style><div class=\"w-grid-list owl-carousel navstyle_block navpos_outside\" style=\"--arrows-size:1.8rem;\">\t<article class=\"w-grid-item post-740 reviews type-reviews status-publish hentry\" data-id=\"740\">\r\n\t\t<div class=\"w-grid-item-h\">\r\n\t\t\t\t\t\t<div class=\"w-image usg_image_1\"><div class=\"w-image-h\"><img loading=\"lazy\" decoding=\"async\" width=\"272\" height=\"31\" src=\"https:\/\/archivesconseil.be\/wp-content\/uploads\/2021\/12\/stars.png\" class=\"attachment-large size-large\" alt=\"\" \/><\/div><\/div><div class=\"w-post-elm post_content usg_post_content_1\"><p>Equipe professionnelle, sympathique et flexible. Un must comme soci\u00e9t\u00e9 d&#8217;archivage en Belgique !<\/p>\n<\/div><p class=\"w-post-elm post_title usg_post_title_1 align_left entry-title color_link_inherit\">D\u00e9niz M.<\/p>\t\t<\/div>\r\n\t<\/article>\r\n\t<article class=\"w-grid-item post-725 reviews type-reviews status-publish hentry\" data-id=\"725\">\r\n\t\t<div class=\"w-grid-item-h\">\r\n\t\t\t\t\t\t<div class=\"w-image usg_image_1\"><div class=\"w-image-h\"><img loading=\"lazy\" decoding=\"async\" width=\"272\" height=\"31\" src=\"https:\/\/archivesconseil.be\/wp-content\/uploads\/2021\/12\/stars.png\" class=\"attachment-large size-large\" alt=\"\" \/><\/div><\/div><div class=\"w-post-elm post_content usg_post_content_1\"><p>BEAUCOUP moins chers que leurs concurrents, et beaucoup plus flexibles \u00e9galement. Une petite soci\u00e9t\u00e9 qu&#8217;on a envie de voir durer donc n&#8217;h\u00e9sitez pas \u00e0 faire appel \u00e0 eux!<\/p>\n<\/div><p class=\"w-post-elm post_title usg_post_title_1 align_left entry-title color_link_inherit\">Ma\u00eblle<\/p>\t\t<\/div>\r\n\t<\/article>\r\n\t<article class=\"w-grid-item post-183 reviews type-reviews status-publish hentry\" data-id=\"183\">\r\n\t\t<div class=\"w-grid-item-h\">\r\n\t\t\t\t\t\t<div class=\"w-image usg_image_1\"><div class=\"w-image-h\"><img loading=\"lazy\" decoding=\"async\" width=\"272\" height=\"31\" src=\"https:\/\/archivesconseil.be\/wp-content\/uploads\/2021\/12\/stars.png\" class=\"attachment-large size-large\" alt=\"\" \/><\/div><\/div><div class=\"w-post-elm post_content usg_post_content_1\"><p>Je recommande vivement Archives Conseil pour leur efficacit\u00e9 et leur gentillesse. Ils sont \u00e0 l\u2019\u00e9coute de la demande du client et font preuve de flexibilit\u00e9 . Un grand professionalisme.<\/p>\n<\/div><p class=\"w-post-elm post_title usg_post_title_1 align_left entry-title color_link_inherit\">Jo\u00eblle Michiels<\/p>\t\t<\/div>\r\n\t<\/article>\r\n<\/div><div class=\"g-preloader type_1\">\r\n\t<div><\/div>\r\n<\/div>\r\n\t<div class=\"w-grid-json hidden\" onclick='return {&quot;action&quot;:&quot;us_ajax_grid&quot;,&quot;ajax_url&quot;:&quot;https:\\\/\\\/archivesconseil.be\\\/wp-admin\\\/admin-ajax.php&quot;,&quot;infinite_scroll&quot;:0,&quot;max_num_pages&quot;:1,&quot;pagination&quot;:&quot;none&quot;,&quot;permalink_url&quot;:&quot;https:\\\/\\\/archivesconseil.be\\\/en\\\/wp-json\\\/wp\\\/v2\\\/pages\\\/910\\\/&quot;,&quot;template_vars&quot;:{&quot;columns&quot;:&quot;1&quot;,&quot;exclude_items&quot;:&quot;none&quot;,&quot;img_size&quot;:&quot;default&quot;,&quot;ignore_items_size&quot;:false,&quot;items_layout&quot;:&quot;184&quot;,&quot;items_offset&quot;:&quot;1&quot;,&quot;load_animation&quot;:&quot;none&quot;,&quot;overriding_link&quot;:&quot;none&quot;,&quot;post_id&quot;:858,&quot;query_args&quot;:{&quot;post_type&quot;:[&quot;reviews&quot;],&quot;post_status&quot;:[&quot;publish&quot;,&quot;acf-disabled&quot;],&quot;posts_per_page&quot;:999},&quot;orderby_query_args&quot;:{&quot;orderby&quot;:{&quot;date&quot;:&quot;DESC&quot;}},&quot;type&quot;:&quot;carousel&quot;,&quot;us_grid_ajax_index&quot;:1,&quot;us_grid_filter_params&quot;:null,&quot;us_grid_index&quot;:1,&quot;_us_grid_post_type&quot;:&quot;reviews&quot;,&quot;lang&quot;:&quot;en&quot;},&quot;carousel_settings&quot;:{&quot;autoHeight&quot;:0,&quot;autoplay&quot;:0,&quot;carousel_fade&quot;:0,&quot;center&quot;:0,&quot;dots&quot;:0,&quot;items&quot;:&quot;1&quot;,&quot;loop&quot;:false,&quot;nav&quot;:1,&quot;slideby&quot;:&quot;1&quot;,&quot;smooth_play&quot;:0,&quot;speed&quot;:250,&quot;timeout&quot;:3000,&quot;transition&quot;:&quot;&quot;},&quot;carousel_breakpoints&quot;:{&quot;1200&quot;:{&quot;items&quot;:1},&quot;900&quot;:{&quot;autoHeight&quot;:0,&quot;autoplay&quot;:1,&quot;autoplayHoverPause&quot;:1,&quot;items&quot;:&quot;1&quot;,&quot;loop&quot;:true},&quot;600&quot;:{&quot;autoHeight&quot;:0,&quot;autoplay&quot;:1,&quot;autoplayHoverPause&quot;:1,&quot;items&quot;:&quot;1&quot;,&quot;loop&quot;:true},&quot;0&quot;:{&quot;autoHeight&quot;:0,&quot;autoplay&quot;:1,&quot;autoplayHoverPause&quot;:1,&quot;items&quot;:1,&quot;loop&quot;:true}}}'><\/div>\r\n\t<\/div><\/div><\/div><\/div><\/div><\/div><\/section>\n<section class=\"l-section wpb_row height_huge\"><div class=\"l-section-h i-cf\"><div class=\"g-cols vc_row via_flex valign_top type_default\"><div class=\"vc_col-sm-1 vc_col-lg-3 vc_col-md-12 vc_col-xs-12 wpb_column vc_column_container\"><div class=\"vc_column-inner\"><div class=\"wpb_wrapper\"><div class=\"wpb_text_column\"><div class=\"wpb_wrapper\"><h1 style=\"text-align: right;\">OUR<br \/>\nOTHER<br \/>\nSERVICES<\/h1>\n<\/div><\/div><\/div><\/div><\/div><div class=\"vc_col-sm-12 vc_col-lg-9 vc_col-md-12 vc_col-xs-12 wpb_column vc_column_container borderleft\"><div class=\"vc_column-inner\"><div class=\"wpb_wrapper\"><\/div><\/div><\/div><\/div><\/div><\/section>\n\n","protected":false},"excerpt":{"rendered":"Je recommande vivement Archives Conseil pour leur efficacit\u00e9 et leur gentillesse. Ils sont \u00e0 l\u2019\u00e9coute de la demande du client et font preuve de flexibilit\u00e9 . Un grand professionalisme.","protected":false},"author":1,"featured_media":817,"parent":866,"menu_order":1,"comment_status":"closed","ping_status":"closed","template":"","meta":{"_acf_changed":false,"footnotes":""},"page_category":[12],"class_list":["post-910","page","type-page","status-publish","has-post-thumbnail","hentry","page_category-service"],"acf":[],"yoast_head":"<!-- This site is optimized with the Yoast SEO plugin v26.2 - https:\/\/yoast.com\/wordpress\/plugins\/seo\/ -->\n<title>Destruction of confidential documents | Archives Conseil<\/title>\n<meta name=\"description\" content=\"In need of destruction of confidential documents or papers? Contact Archives Conseil in Brussels for destruction of archives.\" \/>\n<meta name=\"robots\" content=\"index, follow, max-snippet:-1, max-image-preview:large, max-video-preview:-1\" \/>\n<link rel=\"canonical\" href=\"https:\/\/archivesconseil.be\/en\/our-services\/destruction-of-documents\/\" \/>\n<meta property=\"og:locale\" content=\"en_US\" \/>\n<meta property=\"og:type\" content=\"article\" \/>\n<meta property=\"og:title\" content=\"Destruction of confidential documents | Archives Conseil\" \/>\n<meta property=\"og:description\" content=\"In need of destruction of confidential documents or papers? Contact Archives Conseil in Brussels for destruction of archives.\" \/>\n<meta property=\"og:url\" content=\"https:\/\/archivesconseil.be\/en\/our-services\/destruction-of-documents\/\" \/>\n<meta property=\"og:site_name\" content=\"Archives Conseil\" \/>\n<meta property=\"article:modified_time\" content=\"2022-02-18T08:53:50+00:00\" \/>\n<meta property=\"og:image\" content=\"https:\/\/archivesconseil.be\/wp-content\/uploads\/2021\/12\/iStock-647259572-scaled.jpg\" \/>\n\t<meta property=\"og:image:width\" content=\"2560\" \/>\n\t<meta property=\"og:image:height\" content=\"1317\" \/>\n\t<meta property=\"og:image:type\" content=\"image\/jpeg\" \/>\n<meta name=\"twitter:card\" content=\"summary_large_image\" \/>\n<meta name=\"twitter:label1\" content=\"Est. reading time\" \/>\n\t<meta name=\"twitter:data1\" content=\"3 minutes\" \/>\n<script type=\"application\/ld+json\" class=\"yoast-schema-graph\">{\"@context\":\"https:\/\/schema.org\",\"@graph\":[{\"@type\":\"WebPage\",\"@id\":\"https:\/\/archivesconseil.be\/en\/our-services\/destruction-of-documents\/\",\"url\":\"https:\/\/archivesconseil.be\/en\/our-services\/destruction-of-documents\/\",\"name\":\"Destruction of confidential documents | Archives Conseil\",\"isPartOf\":{\"@id\":\"https:\/\/archivesconseil.be\/#website\"},\"primaryImageOfPage\":{\"@id\":\"https:\/\/archivesconseil.be\/en\/our-services\/destruction-of-documents\/#primaryimage\"},\"image\":{\"@id\":\"https:\/\/archivesconseil.be\/en\/our-services\/destruction-of-documents\/#primaryimage\"},\"thumbnailUrl\":\"https:\/\/archivesconseil.be\/wp-content\/uploads\/2021\/12\/iStock-647259572-scaled.jpg\",\"datePublished\":\"2022-01-16T16:41:00+00:00\",\"dateModified\":\"2022-02-18T08:53:50+00:00\",\"description\":\"In need of destruction of confidential documents or papers? Contact Archives Conseil in Brussels for destruction of archives.\",\"breadcrumb\":{\"@id\":\"https:\/\/archivesconseil.be\/en\/our-services\/destruction-of-documents\/#breadcrumb\"},\"inLanguage\":\"en-US\",\"potentialAction\":[{\"@type\":\"ReadAction\",\"target\":[\"https:\/\/archivesconseil.be\/en\/our-services\/destruction-of-documents\/\"]}]},{\"@type\":\"ImageObject\",\"inLanguage\":\"en-US\",\"@id\":\"https:\/\/archivesconseil.be\/en\/our-services\/destruction-of-documents\/#primaryimage\",\"url\":\"https:\/\/archivesconseil.be\/wp-content\/uploads\/2021\/12\/iStock-647259572-scaled.jpg\",\"contentUrl\":\"https:\/\/archivesconseil.be\/wp-content\/uploads\/2021\/12\/iStock-647259572-scaled.jpg\",\"width\":2560,\"height\":1317,\"caption\":\"Close-up of businessman tearing official document.\"},{\"@type\":\"BreadcrumbList\",\"@id\":\"https:\/\/archivesconseil.be\/en\/our-services\/destruction-of-documents\/#breadcrumb\",\"itemListElement\":[{\"@type\":\"ListItem\",\"position\":1,\"name\":\"Home\",\"item\":\"https:\/\/archivesconseil.be\/en\/\"},{\"@type\":\"ListItem\",\"position\":2,\"name\":\"Our services\",\"item\":\"https:\/\/archivesconseil.be\/en\/our-services\/\"},{\"@type\":\"ListItem\",\"position\":3,\"name\":\"Destruction of documents\"}]},{\"@type\":\"WebSite\",\"@id\":\"https:\/\/archivesconseil.be\/#website\",\"url\":\"https:\/\/archivesconseil.be\/\",\"name\":\"Archives Conseil\",\"description\":\"\",\"potentialAction\":[{\"@type\":\"SearchAction\",\"target\":{\"@type\":\"EntryPoint\",\"urlTemplate\":\"https:\/\/archivesconseil.be\/?s={search_term_string}\"},\"query-input\":{\"@type\":\"PropertyValueSpecification\",\"valueRequired\":true,\"valueName\":\"search_term_string\"}}],\"inLanguage\":\"en-US\"}]}<\/script>\n<!-- \/ Yoast SEO plugin. -->","yoast_head_json":{"title":"Destruction of confidential documents | Archives Conseil","description":"In need of destruction of confidential documents or papers? Contact Archives Conseil in Brussels for destruction of archives.","robots":{"index":"index","follow":"follow","max-snippet":"max-snippet:-1","max-image-preview":"max-image-preview:large","max-video-preview":"max-video-preview:-1"},"canonical":"https:\/\/archivesconseil.be\/en\/our-services\/destruction-of-documents\/","og_locale":"en_US","og_type":"article","og_title":"Destruction of confidential documents | Archives Conseil","og_description":"In need of destruction of confidential documents or papers? Contact Archives Conseil in Brussels for destruction of archives.","og_url":"https:\/\/archivesconseil.be\/en\/our-services\/destruction-of-documents\/","og_site_name":"Archives Conseil","article_modified_time":"2022-02-18T08:53:50+00:00","og_image":[{"width":2560,"height":1317,"url":"https:\/\/archivesconseil.be\/wp-content\/uploads\/2021\/12\/iStock-647259572-scaled.jpg","type":"image\/jpeg"}],"twitter_card":"summary_large_image","twitter_misc":{"Est. reading time":"3 minutes"},"schema":{"@context":"https:\/\/schema.org","@graph":[{"@type":"WebPage","@id":"https:\/\/archivesconseil.be\/en\/our-services\/destruction-of-documents\/","url":"https:\/\/archivesconseil.be\/en\/our-services\/destruction-of-documents\/","name":"Destruction of confidential documents | Archives Conseil","isPartOf":{"@id":"https:\/\/archivesconseil.be\/#website"},"primaryImageOfPage":{"@id":"https:\/\/archivesconseil.be\/en\/our-services\/destruction-of-documents\/#primaryimage"},"image":{"@id":"https:\/\/archivesconseil.be\/en\/our-services\/destruction-of-documents\/#primaryimage"},"thumbnailUrl":"https:\/\/archivesconseil.be\/wp-content\/uploads\/2021\/12\/iStock-647259572-scaled.jpg","datePublished":"2022-01-16T16:41:00+00:00","dateModified":"2022-02-18T08:53:50+00:00","description":"In need of destruction of confidential documents or papers? Contact Archives Conseil in Brussels for destruction of archives.","breadcrumb":{"@id":"https:\/\/archivesconseil.be\/en\/our-services\/destruction-of-documents\/#breadcrumb"},"inLanguage":"en-US","potentialAction":[{"@type":"ReadAction","target":["https:\/\/archivesconseil.be\/en\/our-services\/destruction-of-documents\/"]}]},{"@type":"ImageObject","inLanguage":"en-US","@id":"https:\/\/archivesconseil.be\/en\/our-services\/destruction-of-documents\/#primaryimage","url":"https:\/\/archivesconseil.be\/wp-content\/uploads\/2021\/12\/iStock-647259572-scaled.jpg","contentUrl":"https:\/\/archivesconseil.be\/wp-content\/uploads\/2021\/12\/iStock-647259572-scaled.jpg","width":2560,"height":1317,"caption":"Close-up of businessman tearing official document."},{"@type":"BreadcrumbList","@id":"https:\/\/archivesconseil.be\/en\/our-services\/destruction-of-documents\/#breadcrumb","itemListElement":[{"@type":"ListItem","position":1,"name":"Home","item":"https:\/\/archivesconseil.be\/en\/"},{"@type":"ListItem","position":2,"name":"Our services","item":"https:\/\/archivesconseil.be\/en\/our-services\/"},{"@type":"ListItem","position":3,"name":"Destruction of documents"}]},{"@type":"WebSite","@id":"https:\/\/archivesconseil.be\/#website","url":"https:\/\/archivesconseil.be\/","name":"Archives Conseil","description":"","potentialAction":[{"@type":"SearchAction","target":{"@type":"EntryPoint","urlTemplate":"https:\/\/archivesconseil.be\/?s={search_term_string}"},"query-input":{"@type":"PropertyValueSpecification","valueRequired":true,"valueName":"search_term_string"}}],"inLanguage":"en-US"}]}},"_links":{"self":[{"href":"https:\/\/archivesconseil.be\/en\/wp-json\/wp\/v2\/pages\/910","targetHints":{"allow":["GET"]}}],"collection":[{"href":"https:\/\/archivesconseil.be\/en\/wp-json\/wp\/v2\/pages"}],"about":[{"href":"https:\/\/archivesconseil.be\/en\/wp-json\/wp\/v2\/types\/page"}],"author":[{"embeddable":true,"href":"https:\/\/archivesconseil.be\/en\/wp-json\/wp\/v2\/users\/1"}],"replies":[{"embeddable":true,"href":"https:\/\/archivesconseil.be\/en\/wp-json\/wp\/v2\/comments?post=910"}],"version-history":[{"count":4,"href":"https:\/\/archivesconseil.be\/en\/wp-json\/wp\/v2\/pages\/910\/revisions"}],"predecessor-version":[{"id":1027,"href":"https:\/\/archivesconseil.be\/en\/wp-json\/wp\/v2\/pages\/910\/revisions\/1027"}],"up":[{"embeddable":true,"href":"https:\/\/archivesconseil.be\/en\/wp-json\/wp\/v2\/pages\/866"}],"wp:featuredmedia":[{"embeddable":true,"href":"https:\/\/archivesconseil.be\/en\/wp-json\/wp\/v2\/media\/817"}],"wp:attachment":[{"href":"https:\/\/archivesconseil.be\/en\/wp-json\/wp\/v2\/media?parent=910"}],"wp:term":[{"taxonomy":"page_category","embeddable":true,"href":"https:\/\/archivesconseil.be\/en\/wp-json\/wp\/v2\/page_category?post=910"}],"curies":[{"name":"wp","href":"https:\/\/api.w.org\/{rel}","templated":true}]}}