{"id":1898,"date":"2023-11-30T14:29:55","date_gmt":"2023-11-30T13:29:55","guid":{"rendered":"https:\/\/archivesconseil.be\/onze-diensten\/recyclage-et-destruction-de-materiel-de-bureau\/"},"modified":"2023-11-30T16:08:26","modified_gmt":"2023-11-30T15:08:26","slug":"recycling-en-vernietiging-van-kantoormateriaal","status":"publish","type":"page","link":"https:\/\/archivesconseil.be\/nl\/recycling-en-vernietiging-van-kantoormateriaal\/","title":{"rendered":"Recycling en vernietiging van kantoormateriaal"},"content":{"rendered":"<section class=\"l-section wpb_row us_custom_85f178cc height_auto\"><div class=\"l-section-h i-cf\"><div class=\"g-cols vc_row via_flex valign_middle type_boxes\"><div class=\"vc_col-sm-6 wpb_column vc_column_container sideimage2 has_bg_color stretched\"><div class=\"vc_column-inner us_custom_3b390f28\"><div class=\"wpb_wrapper\"><div class=\"wpb_text_column us_custom_cb254dbf has_text_color\"><div class=\"wpb_wrapper\"><p>&#8211;<\/p>\n<\/div><\/div><\/div><\/div><\/div><div class=\"vc_col-sm-6 wpb_column vc_column_container has_bg_color\"><div class=\"vc_column-inner us_custom_85f178cc\"><div class=\"wpb_wrapper\"><ol class=\"g-breadcrumbs crumbs separator_icon align_right\" itemscope itemtype=\"http:\/\/schema.org\/BreadcrumbList\"><li class=\"g-breadcrumbs-item\" itemscope itemprop=\"itemListElement\" itemtype=\"http:\/\/schema.org\/ListItem\"><a itemprop=\"item\" href=\"http:\/\/archivesconseil.be\/nl\/\"><span itemprop=\"name\">Accueil<\/span><\/a><meta itemprop=\"position\" content=\"1\"\/><\/li><li class=\"g-breadcrumbs-separator\"><i class=\"far fa-angle-right\"><\/i><\/li><li class=\"g-breadcrumbs-item\">Pagina's<\/li><\/ol><div class=\"w-separator size_large\"><\/div><div class=\"wpb_text_column\"><div class=\"wpb_wrapper\"><h1><strong>Welk kantoormateriaal recycleren we?<\/strong><\/h1>\n<\/div><\/div><div class=\"w-separator size_small\"><\/div><div class=\"wpb_text_column\"><div class=\"wpb_wrapper\"><p>Onder kantoormateriaal verstaan wij dan weer kantooritems zoals bureaustoelen, bureau&#8217;s, metalen archiefkasten en andere zaken die u in uw kantoor heeft staan. Wij verwerken ook verschillende soorten materialen: hout, plastiek, laminaat, en meer.<\/p>\n<p>Kortom u bent bij Archives Conseil aan het juiste adres voor:<\/p>\n<ul>\n<li>Recyclage van IT-materiaal: harde schijven, schermen, printers, enz.<\/li>\n<li>Recyclage en vernietiging van metalen kantoormateriaal: meubelen, enz.<\/li>\n<li>Recyclage van kantoormateriaal: hout, plastic, laminaat, enz.<\/li>\n<\/ul>\n<\/div><\/div><div class=\"w-separator size_small\"><\/div><div class=\"w-btn-wrapper align_left\"><a class=\"w-btn us-btn-style_2 us_custom_1f257949\" title=\"Contact\" href=\"https:\/\/archivesconseil.be\/contact\/\"><span class=\"w-btn-label\">CONTACTEZ-NOUS<\/span><\/a><\/div><\/div><\/div><\/div><\/div><\/div><\/section><section class=\"l-section wpb_row us_custom_85f178cc height_huge\"><div class=\"l-section-h i-cf\"><div class=\"g-cols vc_row via_flex valign_top type_default\"><div class=\"vc_col-sm-3 wpb_column vc_column_container\"><div class=\"vc_column-inner\"><div class=\"wpb_wrapper\"><div class=\"wpb_text_column\"><div class=\"wpb_wrapper\"><h1 style=\"text-align: right;\">UW<br \/>\nVOORDELEN<\/h1>\n<\/div><\/div><\/div><\/div><\/div><div class=\"vc_col-sm-9 wpb_column vc_column_container borderleft\"><div class=\"vc_column-inner\"><div class=\"wpb_wrapper\"><div class=\"g-cols wpb_row via_flex valign_top type_boxes\"><div class=\"vc_col-sm-6 wpb_column vc_column_container\"><div class=\"vc_column-inner\"><div class=\"wpb_wrapper\"><div class=\"w-iconbox iconpos_left style_default color_primary align_left no_title icontype_img\"><div class=\"w-iconbox-icon\" style=\"font-size:4rem;\"><img loading=\"lazy\" decoding=\"async\" width=\"100\" height=\"100\" src=\"https:\/\/archivesconseil.be\/wp-content\/uploads\/2021\/12\/Untitled-4-09.png\" class=\"attachment-full size-full\" alt=\"\" \/><\/div><div class=\"w-iconbox-meta\"><div class=\"w-iconbox-text\"><p>40 jaar ervaring<\/p>\n<\/div><\/div><\/div><div class=\"w-separator size_medium\"><\/div><div class=\"w-iconbox iconpos_left style_default color_primary align_left no_title icontype_img\"><div class=\"w-iconbox-icon\" style=\"font-size:4rem;\"><img loading=\"lazy\" decoding=\"async\" width=\"100\" height=\"100\" src=\"https:\/\/archivesconseil.be\/wp-content\/uploads\/2021\/12\/Untitled-4-10.png\" class=\"attachment-full size-full\" alt=\"\" \/><\/div><div class=\"w-iconbox-meta\"><div class=\"w-iconbox-text\"><p>Internationale competenties<\/p>\n<\/div><\/div><\/div><div class=\"w-separator size_medium\"><\/div><div class=\"w-iconbox iconpos_left style_default color_primary align_left no_title icontype_img\"><div class=\"w-iconbox-icon\" style=\"font-size:4rem;\"><img loading=\"lazy\" decoding=\"async\" width=\"100\" height=\"100\" src=\"https:\/\/archivesconseil.be\/wp-content\/uploads\/2021\/12\/Untitled-4-11.png\" class=\"attachment-full size-full\" alt=\"\" \/><\/div><div class=\"w-iconbox-meta\"><div class=\"w-iconbox-text\"><p>Volledige flexibiliteit<\/p>\n<\/div><\/div><\/div><\/div><\/div><\/div><div class=\"vc_col-sm-6 wpb_column vc_column_container\"><div class=\"vc_column-inner\"><div class=\"wpb_wrapper\"><div class=\"w-iconbox iconpos_left style_default color_primary align_left no_title icontype_img\"><div class=\"w-iconbox-icon\" style=\"font-size:4rem;\"><img loading=\"lazy\" decoding=\"async\" width=\"100\" height=\"100\" src=\"https:\/\/archivesconseil.be\/wp-content\/uploads\/2021\/12\/Untitled-4-12.png\" class=\"attachment-full size-full\" alt=\"\" \/><\/div><div class=\"w-iconbox-meta\"><div class=\"w-iconbox-text\"><p>Volledige reeks diensten<\/p>\n<\/div><\/div><\/div><div class=\"w-separator size_medium\"><\/div><div class=\"w-iconbox iconpos_left style_default color_primary align_left no_title icontype_img\"><div class=\"w-iconbox-icon\" style=\"font-size:4rem;\"><img loading=\"lazy\" decoding=\"async\" width=\"100\" height=\"100\" src=\"https:\/\/archivesconseil.be\/wp-content\/uploads\/2021\/12\/Untitled-4-13.png\" class=\"attachment-full size-full\" alt=\"\" \/><\/div><div class=\"w-iconbox-meta\"><div class=\"w-iconbox-text\"><p>Uitstekende infrastructuur<\/p>\n<\/div><\/div><\/div><\/div><\/div><\/div><\/div><\/div><\/div><\/div><\/div><\/div><\/section>\n<section class=\"l-section wpb_row us_custom_85f178cc height_auto\"><div class=\"l-section-h i-cf\"><div class=\"g-cols vc_row via_flex valign_middle type_boxes\"><div class=\"vc_col-sm-6 wpb_column vc_column_container sideimage has_bg_color stretched\"><div class=\"vc_column-inner us_custom_12787b1d\"><div class=\"wpb_wrapper\"><div class=\"w-btn-wrapper align_none\"><a class=\"w-btn us-btn-style_2 sidebutton\" target=\"_blank\" href=\"https:\/\/www.google.com\/search?q=archives+conseil&amp;oq=archives+conseil&amp;aqs=chrome..69i57j46i175i199i512j0i22i30l3j69i60j69i61l2.3355j0j7&amp;sourceid=chrome&amp;ie=UTF-8#lrd=0x47c3c3c2fc779659:0x587c88c3a769fd15,1\" rel=\"noopener\"><span class=\"w-btn-label\">SCHRIJF EEN REVIEW<\/span><\/a><\/div><\/div><\/div><\/div><div class=\"vc_col-sm-6 wpb_column vc_column_container has_bg_color\"><div class=\"vc_column-inner us_custom_85f178cc\"><div class=\"wpb_wrapper\"><div class=\"wpb_text_column\"><div class=\"wpb_wrapper\"><h1 style=\"text-align: left;\">Onze<br \/>\ngetuigenissen<\/h1>\n<\/div><\/div><div class=\"w-separator size_large\"><\/div><div class=\"w-grid type_carousel layout_184\" id=\"us_grid_1\"><style>.layout_184 .w-grid-item-h{}.layout_184 .usg_image_1{margin-bottom:50px!important}.layout_184 .usg_post_content_1{margin-bottom:25px!important}.layout_184 .usg_post_title_1{font-weight:700!important}<\/style><div class=\"w-grid-list owl-carousel navstyle_block navpos_outside\" style=\"--arrows-size:1.8rem;\">\t<article class=\"w-grid-item post-740 reviews type-reviews status-publish hentry\" data-id=\"740\">\r\n\t\t<div class=\"w-grid-item-h\">\r\n\t\t\t\t\t\t<div class=\"w-image usg_image_1\"><div class=\"w-image-h\"><img loading=\"lazy\" decoding=\"async\" width=\"272\" height=\"31\" src=\"https:\/\/archivesconseil.be\/wp-content\/uploads\/2021\/12\/stars.png\" class=\"attachment-large size-large\" alt=\"\" \/><\/div><\/div><div class=\"w-post-elm post_content usg_post_content_1\"><p>Equipe professionnelle, sympathique et flexible. Un must comme soci\u00e9t\u00e9 d&#8217;archivage en Belgique !<\/p>\n<\/div><p class=\"w-post-elm post_title usg_post_title_1 align_left entry-title color_link_inherit\">D\u00e9niz M.<\/p>\t\t<\/div>\r\n\t<\/article>\r\n\t<article class=\"w-grid-item post-725 reviews type-reviews status-publish hentry\" data-id=\"725\">\r\n\t\t<div class=\"w-grid-item-h\">\r\n\t\t\t\t\t\t<div class=\"w-image usg_image_1\"><div class=\"w-image-h\"><img loading=\"lazy\" decoding=\"async\" width=\"272\" height=\"31\" src=\"https:\/\/archivesconseil.be\/wp-content\/uploads\/2021\/12\/stars.png\" class=\"attachment-large size-large\" alt=\"\" \/><\/div><\/div><div class=\"w-post-elm post_content usg_post_content_1\"><p>BEAUCOUP moins chers que leurs concurrents, et beaucoup plus flexibles \u00e9galement. Une petite soci\u00e9t\u00e9 qu&#8217;on a envie de voir durer donc n&#8217;h\u00e9sitez pas \u00e0 faire appel \u00e0 eux!<\/p>\n<\/div><p class=\"w-post-elm post_title usg_post_title_1 align_left entry-title color_link_inherit\">Ma\u00eblle<\/p>\t\t<\/div>\r\n\t<\/article>\r\n\t<article class=\"w-grid-item post-183 reviews type-reviews status-publish hentry\" data-id=\"183\">\r\n\t\t<div class=\"w-grid-item-h\">\r\n\t\t\t\t\t\t<div class=\"w-image usg_image_1\"><div class=\"w-image-h\"><img loading=\"lazy\" decoding=\"async\" width=\"272\" height=\"31\" src=\"https:\/\/archivesconseil.be\/wp-content\/uploads\/2021\/12\/stars.png\" class=\"attachment-large size-large\" alt=\"\" \/><\/div><\/div><div class=\"w-post-elm post_content usg_post_content_1\"><p>Je recommande vivement Archives Conseil pour leur efficacit\u00e9 et leur gentillesse. Ils sont \u00e0 l\u2019\u00e9coute de la demande du client et font preuve de flexibilit\u00e9 . Un grand professionalisme.<\/p>\n<\/div><p class=\"w-post-elm post_title usg_post_title_1 align_left entry-title color_link_inherit\">Jo\u00eblle Michiels<\/p>\t\t<\/div>\r\n\t<\/article>\r\n<\/div><div class=\"g-preloader type_1\">\r\n\t<div><\/div>\r\n<\/div>\r\n\t<div class=\"w-grid-json hidden\" onclick='return {&quot;action&quot;:&quot;us_ajax_grid&quot;,&quot;ajax_url&quot;:&quot;https:\\\/\\\/archivesconseil.be\\\/wp-admin\\\/admin-ajax.php&quot;,&quot;infinite_scroll&quot;:0,&quot;max_num_pages&quot;:1,&quot;pagination&quot;:&quot;none&quot;,&quot;permalink_url&quot;:&quot;https:\\\/\\\/archivesconseil.be\\\/nl\\\/wp-json\\\/wp\\\/v2\\\/pages\\\/1898\\\/&quot;,&quot;template_vars&quot;:{&quot;columns&quot;:&quot;1&quot;,&quot;exclude_items&quot;:&quot;none&quot;,&quot;img_size&quot;:&quot;default&quot;,&quot;ignore_items_size&quot;:false,&quot;items_layout&quot;:&quot;184&quot;,&quot;items_offset&quot;:&quot;1&quot;,&quot;load_animation&quot;:&quot;none&quot;,&quot;overriding_link&quot;:&quot;none&quot;,&quot;post_id&quot;:463,&quot;query_args&quot;:{&quot;post_type&quot;:[&quot;reviews&quot;],&quot;post_status&quot;:[&quot;publish&quot;,&quot;acf-disabled&quot;],&quot;posts_per_page&quot;:999},&quot;orderby_query_args&quot;:{&quot;orderby&quot;:{&quot;date&quot;:&quot;DESC&quot;}},&quot;type&quot;:&quot;carousel&quot;,&quot;us_grid_ajax_index&quot;:1,&quot;us_grid_filter_params&quot;:null,&quot;us_grid_index&quot;:1,&quot;_us_grid_post_type&quot;:&quot;reviews&quot;,&quot;lang&quot;:&quot;nl&quot;},&quot;carousel_settings&quot;:{&quot;autoHeight&quot;:0,&quot;autoplay&quot;:0,&quot;carousel_fade&quot;:0,&quot;center&quot;:0,&quot;dots&quot;:0,&quot;items&quot;:&quot;1&quot;,&quot;loop&quot;:false,&quot;nav&quot;:1,&quot;slideby&quot;:&quot;1&quot;,&quot;smooth_play&quot;:0,&quot;speed&quot;:250,&quot;timeout&quot;:3000,&quot;transition&quot;:&quot;&quot;},&quot;carousel_breakpoints&quot;:{&quot;1200&quot;:{&quot;items&quot;:1},&quot;900&quot;:{&quot;autoHeight&quot;:0,&quot;autoplay&quot;:1,&quot;autoplayHoverPause&quot;:1,&quot;items&quot;:&quot;1&quot;,&quot;loop&quot;:true},&quot;600&quot;:{&quot;autoHeight&quot;:0,&quot;autoplay&quot;:1,&quot;autoplayHoverPause&quot;:1,&quot;items&quot;:&quot;1&quot;,&quot;loop&quot;:true},&quot;0&quot;:{&quot;autoHeight&quot;:0,&quot;autoplay&quot;:1,&quot;autoplayHoverPause&quot;:1,&quot;items&quot;:1,&quot;loop&quot;:true}}}'><\/div>\r\n\t<\/div><\/div><\/div><\/div><\/div><\/div><\/section>\n<section class=\"l-section wpb_row us_custom_f4e9e5ae height_medium\"><div class=\"l-section-h i-cf\"><div class=\"g-cols vc_row via_flex valign_top type_default\"><div class=\"vc_col-sm-3 wpb_column vc_column_container\"><div class=\"vc_column-inner\"><div class=\"wpb_wrapper\"><div class=\"wpb_text_column us_custom_a60d2bed has_text_color\"><div class=\"wpb_wrapper\"><h1 style=\"text-align: right;\">Jacques A. Simon<\/h1>\n<\/div><\/div><div class=\"wpb_text_column\"><div class=\"wpb_wrapper\"><p style=\"text-align: right;\"><strong>Oprichter van Archives Conseil<\/strong><\/p>\n<\/div><\/div><\/div><\/div><\/div><div class=\"vc_col-sm-9 wpb_column vc_column_container\"><div class=\"vc_column-inner\"><div class=\"wpb_wrapper\"><div class=\"wpb_text_column us_custom_6df4bc3a has_text_color\"><div class=\"wpb_wrapper\"><h2>Het is aan Archives Conseil om zich aan te passen aan de klant en niet aan de klant om zijn werkwijze te veranderen.<\/h2>\n<\/div><\/div><\/div><\/div><\/div><\/div><\/div><\/section><section class=\"l-section wpb_row height_huge\"><div class=\"l-section-h i-cf\"><div class=\"g-cols vc_row via_flex valign_top type_default\"><div class=\"vc_col-sm-1 vc_col-lg-3 vc_col-md-12 vc_col-xs-12 wpb_column vc_column_container\"><div class=\"vc_column-inner\"><div class=\"wpb_wrapper\"><div class=\"wpb_text_column\"><div class=\"wpb_wrapper\"><h1 style=\"text-align: right;\">ONZE<br \/>\nANDERE<br \/>\nDIENSTEN<\/h1>\n<\/div><\/div><\/div><\/div><\/div><div class=\"vc_col-sm-12 vc_col-lg-9 vc_col-md-12 vc_col-xs-12 wpb_column vc_column_container borderleft\"><div class=\"vc_column-inner\"><div class=\"wpb_wrapper\"><\/div><\/div><\/div><\/div><\/div><\/section>\n\n","protected":false},"excerpt":{"rendered":"Je recommande vivement Archives Conseil pour leur efficacit\u00e9 et leur gentillesse. Ils sont \u00e0 l\u2019\u00e9coute de la demande du client et font preuve de flexibilit\u00e9 . Un grand professionalisme.","protected":false},"author":1,"featured_media":450,"parent":0,"menu_order":5,"comment_status":"closed","ping_status":"closed","template":"","meta":{"_acf_changed":false,"footnotes":""},"page_category":[12],"class_list":["post-1898","page","type-page","status-publish","has-post-thumbnail","hentry","page_category-service"],"acf":[],"yoast_head":"<!-- This site is optimized with the Yoast SEO plugin v26.2 - https:\/\/yoast.com\/wordpress\/plugins\/seo\/ -->\n<title>Recycling van kantoormateriaal | Archives Conseil<\/title>\n<meta name=\"description\" content=\"Wij vernietigen uw kantoormateriaal en vertrouwelijke gegevens veilig. Het materiaal wordt gerecycled om het een tweede leven te geven!\" \/>\n<meta name=\"robots\" content=\"index, follow, max-snippet:-1, max-image-preview:large, max-video-preview:-1\" \/>\n<link rel=\"canonical\" href=\"https:\/\/archivesconseil.be\/nl\/onze-diensten\/recycling-en-vernietiging-van-kantoormateriaal\/\" \/>\n<meta property=\"og:locale\" content=\"nl_BE\" \/>\n<meta property=\"og:type\" content=\"article\" \/>\n<meta property=\"og:title\" content=\"Recycling van kantoormateriaal | Archives Conseil\" \/>\n<meta property=\"og:description\" content=\"Wij vernietigen uw kantoormateriaal en vertrouwelijke gegevens veilig. Het materiaal wordt gerecycled om het een tweede leven te geven!\" \/>\n<meta property=\"og:url\" content=\"https:\/\/archivesconseil.be\/nl\/onze-diensten\/recycling-en-vernietiging-van-kantoormateriaal\/\" \/>\n<meta property=\"og:site_name\" content=\"Archives Conseil\" \/>\n<meta property=\"article:modified_time\" content=\"2023-11-30T15:08:26+00:00\" \/>\n<meta property=\"og:image\" content=\"http:\/\/archivesconseil.be\/wp-content\/uploads\/2021\/12\/iStock-1288027467-scaled.jpg\" \/>\n\t<meta property=\"og:image:width\" content=\"2560\" \/>\n\t<meta property=\"og:image:height\" content=\"1707\" \/>\n\t<meta property=\"og:image:type\" content=\"image\/jpeg\" \/>\n<meta name=\"twitter:card\" content=\"summary_large_image\" \/>\n<meta name=\"twitter:label1\" content=\"Geschatte leestijd\" \/>\n\t<meta name=\"twitter:data1\" content=\"1 minuut\" \/>\n<script type=\"application\/ld+json\" class=\"yoast-schema-graph\">{\"@context\":\"https:\/\/schema.org\",\"@graph\":[{\"@type\":\"WebPage\",\"@id\":\"https:\/\/archivesconseil.be\/nl\/onze-diensten\/recycling-en-vernietiging-van-kantoormateriaal\/\",\"url\":\"https:\/\/archivesconseil.be\/nl\/onze-diensten\/recycling-en-vernietiging-van-kantoormateriaal\/\",\"name\":\"Recycling van kantoormateriaal | Archives Conseil\",\"isPartOf\":{\"@id\":\"https:\/\/archivesconseil.be\/#website\"},\"primaryImageOfPage\":{\"@id\":\"https:\/\/archivesconseil.be\/nl\/onze-diensten\/recycling-en-vernietiging-van-kantoormateriaal\/#primaryimage\"},\"image\":{\"@id\":\"https:\/\/archivesconseil.be\/nl\/onze-diensten\/recycling-en-vernietiging-van-kantoormateriaal\/#primaryimage\"},\"thumbnailUrl\":\"https:\/\/archivesconseil.be\/wp-content\/uploads\/2021\/12\/iStock-1288027467-scaled.jpg\",\"datePublished\":\"2023-11-30T13:29:55+00:00\",\"dateModified\":\"2023-11-30T15:08:26+00:00\",\"description\":\"Wij vernietigen uw kantoormateriaal en vertrouwelijke gegevens veilig. Het materiaal wordt gerecycled om het een tweede leven te geven!\",\"breadcrumb\":{\"@id\":\"https:\/\/archivesconseil.be\/nl\/onze-diensten\/recycling-en-vernietiging-van-kantoormateriaal\/#breadcrumb\"},\"inLanguage\":\"nl-BE\",\"potentialAction\":[{\"@type\":\"ReadAction\",\"target\":[\"https:\/\/archivesconseil.be\/nl\/onze-diensten\/recycling-en-vernietiging-van-kantoormateriaal\/\"]}]},{\"@type\":\"ImageObject\",\"inLanguage\":\"nl-BE\",\"@id\":\"https:\/\/archivesconseil.be\/nl\/onze-diensten\/recycling-en-vernietiging-van-kantoormateriaal\/#primaryimage\",\"url\":\"https:\/\/archivesconseil.be\/wp-content\/uploads\/2021\/12\/iStock-1288027467-scaled.jpg\",\"contentUrl\":\"https:\/\/archivesconseil.be\/wp-content\/uploads\/2021\/12\/iStock-1288027467-scaled.jpg\",\"width\":2560,\"height\":1707,\"caption\":\"Electronic Wastes Collected In The Green Colored Garbage Bin With E-waste Symbol On It In The Office\"},{\"@type\":\"BreadcrumbList\",\"@id\":\"https:\/\/archivesconseil.be\/nl\/onze-diensten\/recycling-en-vernietiging-van-kantoormateriaal\/#breadcrumb\",\"itemListElement\":[{\"@type\":\"ListItem\",\"position\":1,\"name\":\"Home\",\"item\":\"https:\/\/archivesconseil.be\/nl\/\"},{\"@type\":\"ListItem\",\"position\":2,\"name\":\"Onze diensten\",\"item\":\"https:\/\/archivesconseil.be\/nl\/onze-diensten\/\"},{\"@type\":\"ListItem\",\"position\":3,\"name\":\"Recycling en vernietiging van kantoormateriaal\"}]},{\"@type\":\"WebSite\",\"@id\":\"https:\/\/archivesconseil.be\/#website\",\"url\":\"https:\/\/archivesconseil.be\/\",\"name\":\"Archives Conseil\",\"description\":\"\",\"potentialAction\":[{\"@type\":\"SearchAction\",\"target\":{\"@type\":\"EntryPoint\",\"urlTemplate\":\"https:\/\/archivesconseil.be\/?s={search_term_string}\"},\"query-input\":{\"@type\":\"PropertyValueSpecification\",\"valueRequired\":true,\"valueName\":\"search_term_string\"}}],\"inLanguage\":\"nl-BE\"}]}<\/script>\n<!-- \/ Yoast SEO plugin. -->","yoast_head_json":{"title":"Recycling van kantoormateriaal | Archives Conseil","description":"Wij vernietigen uw kantoormateriaal en vertrouwelijke gegevens veilig. Het materiaal wordt gerecycled om het een tweede leven te geven!","robots":{"index":"index","follow":"follow","max-snippet":"max-snippet:-1","max-image-preview":"max-image-preview:large","max-video-preview":"max-video-preview:-1"},"canonical":"https:\/\/archivesconseil.be\/nl\/onze-diensten\/recycling-en-vernietiging-van-kantoormateriaal\/","og_locale":"nl_BE","og_type":"article","og_title":"Recycling van kantoormateriaal | Archives Conseil","og_description":"Wij vernietigen uw kantoormateriaal en vertrouwelijke gegevens veilig. Het materiaal wordt gerecycled om het een tweede leven te geven!","og_url":"https:\/\/archivesconseil.be\/nl\/onze-diensten\/recycling-en-vernietiging-van-kantoormateriaal\/","og_site_name":"Archives Conseil","article_modified_time":"2023-11-30T15:08:26+00:00","og_image":[{"width":2560,"height":1707,"url":"http:\/\/archivesconseil.be\/wp-content\/uploads\/2021\/12\/iStock-1288027467-scaled.jpg","type":"image\/jpeg"}],"twitter_card":"summary_large_image","twitter_misc":{"Geschatte leestijd":"1 minuut"},"schema":{"@context":"https:\/\/schema.org","@graph":[{"@type":"WebPage","@id":"https:\/\/archivesconseil.be\/nl\/onze-diensten\/recycling-en-vernietiging-van-kantoormateriaal\/","url":"https:\/\/archivesconseil.be\/nl\/onze-diensten\/recycling-en-vernietiging-van-kantoormateriaal\/","name":"Recycling van kantoormateriaal | Archives Conseil","isPartOf":{"@id":"https:\/\/archivesconseil.be\/#website"},"primaryImageOfPage":{"@id":"https:\/\/archivesconseil.be\/nl\/onze-diensten\/recycling-en-vernietiging-van-kantoormateriaal\/#primaryimage"},"image":{"@id":"https:\/\/archivesconseil.be\/nl\/onze-diensten\/recycling-en-vernietiging-van-kantoormateriaal\/#primaryimage"},"thumbnailUrl":"https:\/\/archivesconseil.be\/wp-content\/uploads\/2021\/12\/iStock-1288027467-scaled.jpg","datePublished":"2023-11-30T13:29:55+00:00","dateModified":"2023-11-30T15:08:26+00:00","description":"Wij vernietigen uw kantoormateriaal en vertrouwelijke gegevens veilig. Het materiaal wordt gerecycled om het een tweede leven te geven!","breadcrumb":{"@id":"https:\/\/archivesconseil.be\/nl\/onze-diensten\/recycling-en-vernietiging-van-kantoormateriaal\/#breadcrumb"},"inLanguage":"nl-BE","potentialAction":[{"@type":"ReadAction","target":["https:\/\/archivesconseil.be\/nl\/onze-diensten\/recycling-en-vernietiging-van-kantoormateriaal\/"]}]},{"@type":"ImageObject","inLanguage":"nl-BE","@id":"https:\/\/archivesconseil.be\/nl\/onze-diensten\/recycling-en-vernietiging-van-kantoormateriaal\/#primaryimage","url":"https:\/\/archivesconseil.be\/wp-content\/uploads\/2021\/12\/iStock-1288027467-scaled.jpg","contentUrl":"https:\/\/archivesconseil.be\/wp-content\/uploads\/2021\/12\/iStock-1288027467-scaled.jpg","width":2560,"height":1707,"caption":"Electronic Wastes Collected In The Green Colored Garbage Bin With E-waste Symbol On It In The Office"},{"@type":"BreadcrumbList","@id":"https:\/\/archivesconseil.be\/nl\/onze-diensten\/recycling-en-vernietiging-van-kantoormateriaal\/#breadcrumb","itemListElement":[{"@type":"ListItem","position":1,"name":"Home","item":"https:\/\/archivesconseil.be\/nl\/"},{"@type":"ListItem","position":2,"name":"Onze diensten","item":"https:\/\/archivesconseil.be\/nl\/onze-diensten\/"},{"@type":"ListItem","position":3,"name":"Recycling en vernietiging van kantoormateriaal"}]},{"@type":"WebSite","@id":"https:\/\/archivesconseil.be\/#website","url":"https:\/\/archivesconseil.be\/","name":"Archives Conseil","description":"","potentialAction":[{"@type":"SearchAction","target":{"@type":"EntryPoint","urlTemplate":"https:\/\/archivesconseil.be\/?s={search_term_string}"},"query-input":{"@type":"PropertyValueSpecification","valueRequired":true,"valueName":"search_term_string"}}],"inLanguage":"nl-BE"}]}},"_links":{"self":[{"href":"https:\/\/archivesconseil.be\/nl\/wp-json\/wp\/v2\/pages\/1898","targetHints":{"allow":["GET"]}}],"collection":[{"href":"https:\/\/archivesconseil.be\/nl\/wp-json\/wp\/v2\/pages"}],"about":[{"href":"https:\/\/archivesconseil.be\/nl\/wp-json\/wp\/v2\/types\/page"}],"author":[{"embeddable":true,"href":"https:\/\/archivesconseil.be\/nl\/wp-json\/wp\/v2\/users\/1"}],"replies":[{"embeddable":true,"href":"https:\/\/archivesconseil.be\/nl\/wp-json\/wp\/v2\/comments?post=1898"}],"version-history":[{"count":4,"href":"https:\/\/archivesconseil.be\/nl\/wp-json\/wp\/v2\/pages\/1898\/revisions"}],"predecessor-version":[{"id":1907,"href":"https:\/\/archivesconseil.be\/nl\/wp-json\/wp\/v2\/pages\/1898\/revisions\/1907"}],"wp:featuredmedia":[{"embeddable":true,"href":"https:\/\/archivesconseil.be\/nl\/wp-json\/wp\/v2\/media\/450"}],"wp:attachment":[{"href":"https:\/\/archivesconseil.be\/nl\/wp-json\/wp\/v2\/media?parent=1898"}],"wp:term":[{"taxonomy":"page_category","embeddable":true,"href":"https:\/\/archivesconseil.be\/nl\/wp-json\/wp\/v2\/page_category?post=1898"}],"curies":[{"name":"wp","href":"https:\/\/api.w.org\/{rel}","templated":true}]}}